{"id":23880,"date":"2024-01-31T13:21:29","date_gmt":"2024-01-31T13:21:29","guid":{"rendered":"https:\/\/ensina.xyz\/?page_id=23880"},"modified":"2026-05-01T19:16:09","modified_gmt":"2026-05-01T19:16:09","slug":"ensina-xyz-the-course-platform-that-transforms-culture","status":"publish","type":"page","link":"https:\/\/ensina.xyz\/en\/","title":{"rendered":"Ensina.xyz &#8211; The Course Platform that Transforms Culture"},"content":{"rendered":"\t\t<div data-elementor-type=\"wp-page\" data-elementor-id=\"23880\" class=\"elementor elementor-23880\" data-elementor-post-type=\"page\">\n\t\t\t\t<div class=\"elementor-element elementor-element-e25c54c e-con-full elementor-hidden-tablet elementor-hidden-mobile e-flex e-con e-parent\" data-id=\"e25c54c\" data-element_type=\"container\" data-settings=\"{&quot;background_background&quot;:&quot;classic&quot;}\">\n\t\t\t\t<div class=\"elementor-element elementor-element-242882d elementor--h-position-left elementor--v-position-middle elementor-pagination-position-inside elementor-widget elementor-widget-slides\" data-id=\"242882d\" data-element_type=\"widget\" data-settings=\"{&quot;navigation&quot;:&quot;dots&quot;,&quot;autoplay&quot;:&quot;yes&quot;,&quot;pause_on_hover&quot;:&quot;yes&quot;,&quot;pause_on_interaction&quot;:&quot;yes&quot;,&quot;autoplay_speed&quot;:5000,&quot;infinite&quot;:&quot;yes&quot;,&quot;transition&quot;:&quot;slide&quot;,&quot;transition_speed&quot;:500}\" data-widget_type=\"slides.default\">\n\t\t\t\t<div class=\"elementor-widget-container\">\n\t\t\t\t\t\t\t\t\t<div class=\"elementor-swiper\">\n\t\t\t\t\t<div class=\"elementor-slides-wrapper elementor-main-swiper swiper\" role=\"region\" aria-roledescription=\"carousel\" aria-label=\"Slides\" dir=\"ltr\" data-animation=\"fadeInDown\">\n\t\t\t\t<div class=\"swiper-wrapper elementor-slides\">\n\t\t\t\t\t\t\t\t\t\t<div class=\"elementor-repeater-item-73f85f3 swiper-slide\" role=\"group\" aria-roledescription=\"slide\"><div class=\"swiper-slide-bg\" role=\"img\"><\/div><a class=\"swiper-slide-inner\" href=\"\/cursos\"><div class=\"swiper-slide-contents\"><div class=\"elementor-slide-heading\"><span class=\"sugerido\">Sugeridos para voc\u00ea<\/span><\/div><div class=\"elementor-slide-description\"><br><br><br><br><br><br><br><\/div><\/div><\/a><\/div><div class=\"elementor-repeater-item-f7e1534 swiper-slide\" role=\"group\" aria-roledescription=\"slide\"><div class=\"swiper-slide-bg\" role=\"img\"><\/div><a class=\"swiper-slide-inner\" href=\"https:\/\/ensina.xyz\/login\/\"><div class=\"swiper-slide-contents\"><div class=\"elementor-slide-heading\">N\u00f3s chegamos para transformar!<\/div><div class=\"elementor-slide-description\">Ensina: A plataforma de <br>cursos online que chegou <br> para<span style=\"color:#e60341\"> transformar a<br> cultura brasileira<\/span><\/div><div  class=\"elementor-button elementor-slide-button elementor-size-sm\">Fa\u00e7a parte da ensina<\/div><\/div><\/a><\/div>\t\t\t\t<\/div>\n\t\t\t\t\t\t\t\t\t\t\t\t\t\t\t\t\t\t\t\t<div class=\"swiper-pagination\"><\/div>\n\t\t\t\t\t\t\t\t\t\t\t\t<\/div>\n\t\t\t\t<\/div>\n\t\t\t\t\t\t\t\t<\/div>\n\t\t\t\t<\/div>\n\t\t\t\t<\/div>\n\t\t<div class=\"elementor-element elementor-element-a41e6ae e-con-full elementor-hidden-desktop e-flex e-con e-parent\" data-id=\"a41e6ae\" data-element_type=\"container\" data-settings=\"{&quot;background_background&quot;:&quot;classic&quot;}\">\n\t\t\t\t<div class=\"elementor-element elementor-element-cf93cba elementor--h-position-left elementor--v-position-middle elementor-pagination-position-inside elementor-widget elementor-widget-slides\" data-id=\"cf93cba\" data-element_type=\"widget\" data-settings=\"{&quot;navigation&quot;:&quot;dots&quot;,&quot;autoplay&quot;:&quot;yes&quot;,&quot;pause_on_hover&quot;:&quot;yes&quot;,&quot;pause_on_interaction&quot;:&quot;yes&quot;,&quot;autoplay_speed&quot;:5000,&quot;infinite&quot;:&quot;yes&quot;,&quot;transition&quot;:&quot;slide&quot;,&quot;transition_speed&quot;:500}\" data-widget_type=\"slides.default\">\n\t\t\t\t<div class=\"elementor-widget-container\">\n\t\t\t\t\t\t\t\t\t<div class=\"elementor-swiper\">\n\t\t\t\t\t<div class=\"elementor-slides-wrapper elementor-main-swiper swiper\" role=\"region\" aria-roledescription=\"carousel\" aria-label=\"Slides\" dir=\"ltr\" data-animation=\"fadeInDown\">\n\t\t\t\t<div class=\"swiper-wrapper elementor-slides\">\n\t\t\t\t\t\t\t\t\t\t<div class=\"elementor-repeater-item-73f85f3 swiper-slide\" role=\"group\" aria-roledescription=\"slide\"><div class=\"swiper-slide-bg\" role=\"img\"><\/div><a class=\"swiper-slide-inner\" href=\"\/cursos\"><div class=\"swiper-slide-contents\"><div class=\"elementor-slide-heading\"><span class=\"sugerido\">Sugeridos para voc\u00ea<\/span><\/div><div class=\"elementor-slide-description\"><br><br><br><br><br><br><br><\/div><\/div><\/a><\/div><div class=\"elementor-repeater-item-f7e1534 swiper-slide\" role=\"group\" aria-roledescription=\"slide\"><div class=\"swiper-slide-bg\" role=\"img\"><\/div><a class=\"swiper-slide-inner\" href=\"\/login\"><div class=\"swiper-slide-contents\"><div class=\"elementor-slide-heading\">N\u00f3s chegamos para transformar!<\/div><div class=\"elementor-slide-description\">Ensina: A plataforma de cursos online que chegou para<span style=\"color:#e60341\"> transformar a cultura brasileira<\/span><\/div><div  class=\"elementor-button elementor-slide-button elementor-size-sm\">Fa\u00e7a parte da Ensina<\/div><\/div><\/a><\/div>\t\t\t\t<\/div>\n\t\t\t\t\t\t\t\t\t\t\t\t\t\t\t\t\t\t\t\t<div class=\"swiper-pagination\"><\/div>\n\t\t\t\t\t\t\t\t\t\t\t\t<\/div>\n\t\t\t\t<\/div>\n\t\t\t\t\t\t\t\t<\/div>\n\t\t\t\t<\/div>\n\t\t\t\t<\/div>\n\t\t<div class=\"elementor-element elementor-element-c7ab83c e-flex e-con-boxed e-con e-parent\" data-id=\"c7ab83c\" data-element_type=\"container\" id=\"nossos-cursos\" data-settings=\"{&quot;background_background&quot;:&quot;classic&quot;}\">\n\t\t\t\t\t<div class=\"e-con-inner\">\n\t\t\t\t<div class=\"elementor-element elementor-element-07e3365 elementor-widget elementor-widget-image\" data-id=\"07e3365\" data-element_type=\"widget\" data-widget_type=\"image.default\">\n\t\t\t\t<div class=\"elementor-widget-container\">\n\t\t\t\t\t\t\t\t\t\t\t\t\t\t\t<img decoding=\"async\" src=\"https:\/\/ensina.xyz\/wp-content\/uploads\/2025\/02\/nossos-cursos.jpg\" title=\"\" alt=\"\" loading=\"lazy\" \/>\t\t\t\t\t\t\t\t\t\t\t\t\t\t\t<\/div>\n\t\t\t\t<\/div>\n\t\t<div class=\"elementor-element elementor-element-4aae38e e-con-full e-flex e-con e-child\" data-id=\"4aae38e\" data-element_type=\"container\">\n\t\t\t\t<\/div>\n\t\t\t\t\t<\/div>\n\t\t\t\t<\/div>\n\t\t<div class=\"elementor-element elementor-element-ca1f16f e-flex e-con-boxed e-con e-parent\" data-id=\"ca1f16f\" data-element_type=\"container\">\n\t\t\t\t\t<div class=\"e-con-inner\">\n\t\t<div class=\"elementor-element elementor-element-c6b7974 e-con-full e-flex e-con e-child\" data-id=\"c6b7974\" data-element_type=\"container\">\n\t\t\t\t<div class=\"elementor-element elementor-element-2e1936b elementor-widget elementor-widget-heading\" data-id=\"2e1936b\" data-element_type=\"widget\" data-widget_type=\"heading.default\">\n\t\t\t\t<div class=\"elementor-widget-container\">\n\t\t\t\t\t<h3 class=\"elementor-heading-title elementor-size-default\">N\u00f3s chegamos para transformar<\/h3>\t\t\t\t<\/div>\n\t\t\t\t<\/div>\n\t\t\t\t<div class=\"elementor-element elementor-element-2372f4e elementor-widget elementor-widget-heading\" data-id=\"2372f4e\" data-element_type=\"widget\" data-widget_type=\"heading.default\">\n\t\t\t\t<div class=\"elementor-widget-container\">\n\t\t\t\t\t<h3 class=\"elementor-heading-title elementor-size-default\">Ensina:  a plataforma de cursos online que chegou para <span style=\"color:#e60341\">transformar a cultural brasileira<\/span><\/h3>\t\t\t\t<\/div>\n\t\t\t\t<\/div>\n\t\t\t\t<\/div>\n\t\t<div class=\"elementor-element elementor-element-1890be2 e-con-full e-flex e-con e-child\" data-id=\"1890be2\" data-element_type=\"container\">\n\t\t<div class=\"elementor-element elementor-element-9babea1 e-con-full e-flex e-con e-child\" data-id=\"9babea1\" data-element_type=\"container\" data-settings=\"{&quot;background_background&quot;:&quot;classic&quot;}\">\n\t\t\t\t<div class=\"elementor-element elementor-element-92bea60 elementor-widget elementor-widget-heading\" data-id=\"92bea60\" data-element_type=\"widget\" data-widget_type=\"heading.default\">\n\t\t\t\t<div class=\"elementor-widget-container\">\n\t\t\t\t\t<h2 class=\"elementor-heading-title elementor-size-default\">Est\u00fadio Pr\u00f3prio<\/h2>\t\t\t\t<\/div>\n\t\t\t\t<\/div>\n\t\t\t\t<div class=\"elementor-element elementor-element-49897e5 elementor-widget elementor-widget-heading\" data-id=\"49897e5\" data-element_type=\"widget\" data-widget_type=\"heading.default\">\n\t\t\t\t<div class=\"elementor-widget-container\">\n\t\t\t\t\t<h2 class=\"elementor-heading-title elementor-size-default\">Curadoria especializada<\/h2>\t\t\t\t<\/div>\n\t\t\t\t<\/div>\n\t\t\t\t<\/div>\n\t\t<div class=\"elementor-element elementor-element-e093486 e-con-full e-flex e-con e-child\" data-id=\"e093486\" data-element_type=\"container\" data-settings=\"{&quot;background_background&quot;:&quot;classic&quot;}\">\n\t\t\t\t<div class=\"elementor-element elementor-element-585e75c elementor-widget elementor-widget-heading\" data-id=\"585e75c\" data-element_type=\"widget\" data-widget_type=\"heading.default\">\n\t\t\t\t<div class=\"elementor-widget-container\">\n\t\t\t\t\t<h2 class=\"elementor-heading-title elementor-size-default\">Qualidade superior<\/h2>\t\t\t\t<\/div>\n\t\t\t\t<\/div>\n\t\t\t\t<div class=\"elementor-element elementor-element-b5c1761 elementor-widget elementor-widget-heading\" data-id=\"b5c1761\" data-element_type=\"widget\" data-widget_type=\"heading.default\">\n\t\t\t\t<div class=\"elementor-widget-container\">\n\t\t\t\t\t<h2 class=\"elementor-heading-title elementor-size-default\">Melhores equipamentos do mercado<\/h2>\t\t\t\t<\/div>\n\t\t\t\t<\/div>\n\t\t\t\t<\/div>\n\t\t\t\t<\/div>\n\t\t\t\t\t<\/div>\n\t\t\t\t<\/div>\n\t\t<div class=\"elementor-element elementor-element-985ff42 e-flex e-con-boxed e-con e-parent\" data-id=\"985ff42\" data-element_type=\"container\">\n\t\t\t\t\t<div class=\"e-con-inner\">\n\t\t<div class=\"elementor-element elementor-element-570d3eb e-con-full e-flex e-con e-child\" data-id=\"570d3eb\" data-element_type=\"container\">\n\t\t\t\t<\/div>\n\t\t<div class=\"elementor-element elementor-element-d90cd98 e-con-full e-flex e-con e-child\" data-id=\"d90cd98\" data-element_type=\"container\">\n\t\t<div class=\"elementor-element elementor-element-6f23d5c e-con-full e-flex e-con e-child\" data-id=\"6f23d5c\" data-element_type=\"container\" data-settings=\"{&quot;background_background&quot;:&quot;classic&quot;}\">\n\t\t\t\t<div class=\"elementor-element elementor-element-c5f7ab2 elementor-widget elementor-widget-heading\" data-id=\"c5f7ab2\" data-element_type=\"widget\" data-widget_type=\"heading.default\">\n\t\t\t\t<div class=\"elementor-widget-container\">\n\t\t\t\t\t<h2 class=\"elementor-heading-title elementor-size-default\">professores talentosos<\/h2>\t\t\t\t<\/div>\n\t\t\t\t<\/div>\n\t\t\t\t<div class=\"elementor-element elementor-element-643bf99 elementor-widget elementor-widget-heading\" data-id=\"643bf99\" data-element_type=\"widget\" data-widget_type=\"heading.default\">\n\t\t\t\t<div class=\"elementor-widget-container\">\n\t\t\t\t\t<h2 class=\"elementor-heading-title elementor-size-default\">Nossos professores s\u00e3o profissionais <br>consagrados do mercado<\/h2>\t\t\t\t<\/div>\n\t\t\t\t<\/div>\n\t\t\t\t<\/div>\n\t\t\t\t<\/div>\n\t\t\t\t\t<\/div>\n\t\t\t\t<\/div>\n\t\t<div class=\"elementor-element elementor-element-23b9572 e-flex e-con-boxed e-con e-parent\" data-id=\"23b9572\" data-element_type=\"container\" id=\"em-destaque\" data-settings=\"{&quot;background_background&quot;:&quot;classic&quot;}\">\n\t\t\t\t\t<div class=\"e-con-inner\">\n\t\t\t\t<div class=\"elementor-element elementor-element-815b92a elementor-widget elementor-widget-image\" data-id=\"815b92a\" data-element_type=\"widget\" data-widget_type=\"image.default\">\n\t\t\t\t<div class=\"elementor-widget-container\">\n\t\t\t\t\t\t\t\t\t\t\t\t\t\t\t<img fetchpriority=\"high\" decoding=\"async\" width=\"914\" height=\"80\" src=\"https:\/\/ensina.xyz\/wp-content\/uploads\/2025\/02\/destaque-1.jpg\" class=\"attachment-large size-large wp-image-20995\" alt=\"\" srcset=\"https:\/\/ensina.xyz\/wp-content\/uploads\/2025\/02\/destaque-1.jpg 914w, https:\/\/ensina.xyz\/wp-content\/uploads\/2025\/02\/destaque-1-300x26.jpg 300w, https:\/\/ensina.xyz\/wp-content\/uploads\/2025\/02\/destaque-1-768x67.jpg 768w, https:\/\/ensina.xyz\/wp-content\/uploads\/2025\/02\/destaque-1-600x53.jpg 600w\" sizes=\"(max-width: 914px) 100vw, 914px\" \/>\t\t\t\t\t\t\t\t\t\t\t\t\t\t\t<\/div>\n\t\t\t\t<\/div>\n\t\t<div class=\"elementor-element elementor-element-9b77b67 e-con-full e-flex e-con e-child\" data-id=\"9b77b67\" data-element_type=\"container\">\n\t\t<div class=\"elementor-element elementor-element-cbc06b1 e-con-full e-flex elementor-invisible e-con e-child\" data-id=\"cbc06b1\" data-element_type=\"container\" data-settings=\"{&quot;animation&quot;:&quot;edubin--slide-up&quot;,&quot;animation_delay&quot;:150}\">\n\t\t\t\t<\/div>\n\t\t<div class=\"elementor-element elementor-element-cf0d723 e-con-full e-flex elementor-invisible e-con e-child\" data-id=\"cf0d723\" data-element_type=\"container\" data-settings=\"{&quot;animation&quot;:&quot;edubin--slide-up&quot;,&quot;animation_delay&quot;:150}\">\n\t\t\t\t<\/div>\n\t\t<div class=\"elementor-element elementor-element-e7ba64b e-con-full e-flex elementor-invisible e-con e-child\" data-id=\"e7ba64b\" data-element_type=\"container\" data-settings=\"{&quot;animation&quot;:&quot;edubin--slide-up&quot;,&quot;animation_delay&quot;:150}\">\n\t\t\t\t<\/div>\n\t\t<div class=\"elementor-element elementor-element-a1496bd e-con-full e-flex elementor-invisible e-con e-child\" data-id=\"a1496bd\" data-element_type=\"container\" data-settings=\"{&quot;animation&quot;:&quot;edubin--slide-up&quot;,&quot;animation_delay&quot;:150}\">\n\t\t\t\t<\/div>\n\t\t<div class=\"elementor-element elementor-element-e526ab8 e-con-full e-flex elementor-invisible e-con e-child\" data-id=\"e526ab8\" data-element_type=\"container\" data-settings=\"{&quot;animation&quot;:&quot;edubin--slide-up&quot;,&quot;animation_delay&quot;:150}\">\n\t\t\t\t<\/div>\n\t\t\t\t<\/div>\n\t\t\t\t\t<\/div>\n\t\t\t\t<\/div>\n\t\t<div class=\"elementor-element elementor-element-28406d1 e-flex e-con-boxed e-con e-parent\" data-id=\"28406d1\" data-element_type=\"container\" data-settings=\"{&quot;background_background&quot;:&quot;classic&quot;}\">\n\t\t\t\t\t<div class=\"e-con-inner\">\n\t\t<div class=\"elementor-element elementor-element-d16786b e-con-full e-flex e-con e-child\" data-id=\"d16786b\" data-element_type=\"container\" data-settings=\"{&quot;background_background&quot;:&quot;classic&quot;}\">\n\t\t<div class=\"elementor-element elementor-element-5c684db e-con-full e-flex e-con e-child\" data-id=\"5c684db\" data-element_type=\"container\">\n\t\t\t\t<div class=\"elementor-element elementor-element-5df368b elementor-widget elementor-widget-image\" data-id=\"5df368b\" data-element_type=\"widget\" data-widget_type=\"image.default\">\n\t\t\t\t<div class=\"elementor-widget-container\">\n\t\t\t\t\t\t\t\t\t\t\t\t\t\t\t\t<a href=\"https:\/\/www.instagram.com\/ensina.xyz\/\">\n\t\t\t\t\t\t\t<img decoding=\"async\" width=\"30\" height=\"35\" src=\"https:\/\/ensina.xyz\/wp-content\/uploads\/2025\/02\/insta-G.jpg\" class=\"attachment-large size-large wp-image-21023\" alt=\"\" \/>\t\t\t\t\t\t\t\t<\/a>\n\t\t\t\t\t\t\t\t\t\t\t\t\t\t\t<\/div>\n\t\t\t\t<\/div>\n\t\t\t\t<\/div>\n\t\t<div class=\"elementor-element elementor-element-d282d8b e-con-full e-flex e-con e-child\" data-id=\"d282d8b\" data-element_type=\"container\">\n\t\t\t\t<div class=\"elementor-element elementor-element-99c7699 elementor-widget elementor-widget-image\" data-id=\"99c7699\" data-element_type=\"widget\" data-widget_type=\"image.default\">\n\t\t\t\t<div class=\"elementor-widget-container\">\n\t\t\t\t\t\t\t\t\t\t\t\t\t\t\t\t<a href=\"#\">\n\t\t\t\t\t\t\t<img decoding=\"async\" width=\"58\" height=\"53\" src=\"https:\/\/ensina.xyz\/wp-content\/uploads\/2025\/02\/tik-G.jpg\" class=\"attachment-large size-large wp-image-21025\" alt=\"\" \/>\t\t\t\t\t\t\t\t<\/a>\n\t\t\t\t\t\t\t\t\t\t\t\t\t\t\t<\/div>\n\t\t\t\t<\/div>\n\t\t\t\t<\/div>\n\t\t<div class=\"elementor-element elementor-element-f646669 e-con-full e-flex e-con e-child\" data-id=\"f646669\" data-element_type=\"container\">\n\t\t\t\t<div class=\"elementor-element elementor-element-086cc7c elementor-widget elementor-widget-image\" data-id=\"086cc7c\" data-element_type=\"widget\" data-widget_type=\"image.default\">\n\t\t\t\t<div class=\"elementor-widget-container\">\n\t\t\t\t\t\t\t\t\t\t\t\t\t\t\t\t<a href=\"#\">\n\t\t\t\t\t\t\t<img loading=\"lazy\" decoding=\"async\" width=\"48\" height=\"53\" src=\"https:\/\/ensina.xyz\/wp-content\/uploads\/2025\/02\/linke-G.jpg\" class=\"attachment-large size-large wp-image-21026\" alt=\"\" \/>\t\t\t\t\t\t\t\t<\/a>\n\t\t\t\t\t\t\t\t\t\t\t\t\t\t\t<\/div>\n\t\t\t\t<\/div>\n\t\t\t\t<\/div>\n\t\t<div class=\"elementor-element elementor-element-fce538f e-con-full e-flex e-con e-child\" data-id=\"fce538f\" data-element_type=\"container\">\n\t\t\t\t<div class=\"elementor-element elementor-element-577842e elementor-widget elementor-widget-image\" data-id=\"577842e\" data-element_type=\"widget\" data-widget_type=\"image.default\">\n\t\t\t\t<div class=\"elementor-widget-container\">\n\t\t\t\t\t\t\t\t\t\t\t\t\t\t\t\t<a href=\"#\">\n\t\t\t\t\t\t\t<img loading=\"lazy\" decoding=\"async\" width=\"53\" height=\"43\" src=\"https:\/\/ensina.xyz\/wp-content\/uploads\/2025\/02\/yout-G.jpg\" class=\"attachment-large size-large wp-image-21027\" alt=\"\" \/>\t\t\t\t\t\t\t\t<\/a>\n\t\t\t\t\t\t\t\t\t\t\t\t\t\t\t<\/div>\n\t\t\t\t<\/div>\n\t\t\t\t<\/div>\n\t\t\t\t<\/div>\n\t\t\t\t\t<\/div>\n\t\t\t\t<\/div>\n\t\t<div class=\"elementor-element elementor-element-8599f82 e-flex e-con-boxed e-con e-parent\" data-id=\"8599f82\" data-element_type=\"container\" data-settings=\"{&quot;background_background&quot;:&quot;classic&quot;}\">\n\t\t\t\t\t<div class=\"e-con-inner\">\n\t\t\t\t<div class=\"elementor-element elementor-element-fd4fa9f elementor-widget elementor-widget-image\" data-id=\"fd4fa9f\" data-element_type=\"widget\" data-widget_type=\"image.default\">\n\t\t\t\t<div class=\"elementor-widget-container\">\n\t\t\t\t\t\t\t\t\t\t\t\t\t\t\t<img loading=\"lazy\" decoding=\"async\" width=\"798\" height=\"665\" src=\"https:\/\/ensina.xyz\/wp-content\/uploads\/2025\/02\/seja-nosso-professor.jpg\" class=\"attachment-large size-large wp-image-21021\" alt=\"\" srcset=\"https:\/\/ensina.xyz\/wp-content\/uploads\/2025\/02\/seja-nosso-professor.jpg 798w, https:\/\/ensina.xyz\/wp-content\/uploads\/2025\/02\/seja-nosso-professor-300x250.jpg 300w, https:\/\/ensina.xyz\/wp-content\/uploads\/2025\/02\/seja-nosso-professor-768x640.jpg 768w, https:\/\/ensina.xyz\/wp-content\/uploads\/2025\/02\/seja-nosso-professor-600x500.jpg 600w\" sizes=\"(max-width: 798px) 100vw, 798px\" \/>\t\t\t\t\t\t\t\t\t\t\t\t\t\t\t<\/div>\n\t\t\t\t<\/div>\n\t\t\t\t<div class=\"elementor-element elementor-element-85fa15a elementor-widget elementor-widget-heading\" data-id=\"85fa15a\" data-element_type=\"widget\" data-widget_type=\"heading.default\">\n\t\t\t\t<div class=\"elementor-widget-container\">\n\t\t\t\t\t<h2 class=\"elementor-heading-title elementor-size-default\">Fa\u00e7a parte da maior revolu\u00e7\u00e3o do ensino a dist\u00e2ncia do Brasil<\/h2>\t\t\t\t<\/div>\n\t\t\t\t<\/div>\n\t\t\t\t\t<\/div>\n\t\t\t\t<\/div>\n\t\t\t\t<\/div>\n\t\t","protected":false},"excerpt":{"rendered":"","protected":false},"author":1,"featured_media":0,"parent":0,"menu_order":0,"comment_status":"closed","ping_status":"closed","template":"page-home.php","meta":{"_acf_changed":false,"footnotes":""},"class_list":["post-23880","page","type-page","status-publish","hentry"],"acf":[],"yoast_head":"<!-- This site is optimized with the Yoast SEO plugin v27.1.1 - https:\/\/yoast.com\/product\/yoast-seo-wordpress\/ -->\n<title>Ensina XYZ<\/title>\n<meta name=\"robots\" content=\"index, follow, max-snippet:-1, max-image-preview:large, max-video-preview:-1\" \/>\n<link rel=\"canonical\" href=\"https:\/\/ensina.xyz\/en\/\" \/>\n<meta property=\"og:locale\" content=\"en_US\" \/>\n<meta property=\"og:type\" content=\"article\" \/>\n<meta property=\"og:title\" content=\"Ensina.xyz - The Course Platform that Transforms Culture - Ensina XYZ\" \/>\n<meta property=\"og:url\" content=\"https:\/\/ensina.xyz\/en\/\" \/>\n<meta property=\"og:site_name\" content=\"Ensina XYZ\" \/>\n<meta property=\"article:publisher\" content=\"http:\/\/facebook.com\/ensina.xyz\" \/>\n<meta property=\"article:modified_time\" content=\"2026-05-01T19:16:09+00:00\" \/>\n<meta name=\"twitter:card\" content=\"summary_large_image\" \/>\n<script type=\"application\/ld+json\" class=\"yoast-schema-graph\">{\"@context\":\"https:\/\/schema.org\",\"@graph\":[{\"@type\":\"WebPage\",\"@id\":\"https:\/\/ensina.xyz\/en\/\",\"url\":\"https:\/\/ensina.xyz\/en\/\",\"name\":\"Ensina.xyz - The Course Platform that Transforms Culture - Ensina XYZ\",\"isPartOf\":{\"@id\":\"https:\/\/ensina.xyz\/#website\"},\"datePublished\":\"2024-01-31T13:21:29+00:00\",\"dateModified\":\"2026-05-01T19:16:09+00:00\",\"breadcrumb\":{\"@id\":\"https:\/\/ensina.xyz\/en\/#breadcrumb\"},\"inLanguage\":\"en-US\",\"potentialAction\":[{\"@type\":\"ReadAction\",\"target\":[\"https:\/\/ensina.xyz\/en\/\"]}]},{\"@type\":\"BreadcrumbList\",\"@id\":\"https:\/\/ensina.xyz\/en\/#breadcrumb\",\"itemListElement\":[{\"@type\":\"ListItem\",\"position\":1,\"name\":\"In\u00edcio\",\"item\":\"https:\/\/ensina.xyz\/en\/\"},{\"@type\":\"ListItem\",\"position\":2,\"name\":\"Ensina.xyz &#8211; The Course Platform that Transforms Culture\"}]},{\"@type\":\"WebSite\",\"@id\":\"https:\/\/ensina.xyz\/#website\",\"url\":\"https:\/\/ensina.xyz\/\",\"name\":\"Ensina XYZ\",\"description\":\"\",\"publisher\":{\"@id\":\"https:\/\/ensina.xyz\/#organization\"},\"potentialAction\":[{\"@type\":\"SearchAction\",\"target\":{\"@type\":\"EntryPoint\",\"urlTemplate\":\"https:\/\/ensina.xyz\/?s={search_term_string}\"},\"query-input\":{\"@type\":\"PropertyValueSpecification\",\"valueRequired\":true,\"valueName\":\"search_term_string\"}}],\"inLanguage\":\"en-US\"},{\"@type\":\"Organization\",\"@id\":\"https:\/\/ensina.xyz\/#organization\",\"name\":\"Ensina XYZ\",\"url\":\"https:\/\/ensina.xyz\/\",\"logo\":{\"@type\":\"ImageObject\",\"inLanguage\":\"en-US\",\"@id\":\"https:\/\/ensina.xyz\/#\/schema\/logo\/image\/\",\"url\":\"https:\/\/ensina.xyz\/wp-content\/uploads\/2025\/02\/LOGOS_LOGOTIPO_COLORIDO.png\",\"contentUrl\":\"https:\/\/ensina.xyz\/wp-content\/uploads\/2025\/02\/LOGOS_LOGOTIPO_COLORIDO.png\",\"width\":2017,\"height\":442,\"caption\":\"Ensina XYZ\"},\"image\":{\"@id\":\"https:\/\/ensina.xyz\/#\/schema\/logo\/image\/\"},\"sameAs\":[\"http:\/\/facebook.com\/ensina.xyz\",\"https:\/\/www.instagram.com\/ensina.xyz\/\"]}]}<\/script>\n<!-- \/ Yoast SEO plugin. -->","yoast_head_json":{"title":"Ensina XYZ","robots":{"index":"index","follow":"follow","max-snippet":"max-snippet:-1","max-image-preview":"max-image-preview:large","max-video-preview":"max-video-preview:-1"},"canonical":"https:\/\/ensina.xyz\/en\/","og_locale":"en_US","og_type":"article","og_title":"Ensina.xyz - The Course Platform that Transforms Culture - Ensina XYZ","og_url":"https:\/\/ensina.xyz\/en\/","og_site_name":"Ensina XYZ","article_publisher":"http:\/\/facebook.com\/ensina.xyz","article_modified_time":"2026-05-01T19:16:09+00:00","twitter_card":"summary_large_image","schema":{"@context":"https:\/\/schema.org","@graph":[{"@type":"WebPage","@id":"https:\/\/ensina.xyz\/en\/","url":"https:\/\/ensina.xyz\/en\/","name":"Ensina.xyz - The Course Platform that Transforms Culture - Ensina XYZ","isPartOf":{"@id":"https:\/\/ensina.xyz\/#website"},"datePublished":"2024-01-31T13:21:29+00:00","dateModified":"2026-05-01T19:16:09+00:00","breadcrumb":{"@id":"https:\/\/ensina.xyz\/en\/#breadcrumb"},"inLanguage":"en-US","potentialAction":[{"@type":"ReadAction","target":["https:\/\/ensina.xyz\/en\/"]}]},{"@type":"BreadcrumbList","@id":"https:\/\/ensina.xyz\/en\/#breadcrumb","itemListElement":[{"@type":"ListItem","position":1,"name":"In\u00edcio","item":"https:\/\/ensina.xyz\/en\/"},{"@type":"ListItem","position":2,"name":"Ensina.xyz &#8211; The Course Platform that Transforms Culture"}]},{"@type":"WebSite","@id":"https:\/\/ensina.xyz\/#website","url":"https:\/\/ensina.xyz\/","name":"Ensina XYZ","description":"","publisher":{"@id":"https:\/\/ensina.xyz\/#organization"},"potentialAction":[{"@type":"SearchAction","target":{"@type":"EntryPoint","urlTemplate":"https:\/\/ensina.xyz\/?s={search_term_string}"},"query-input":{"@type":"PropertyValueSpecification","valueRequired":true,"valueName":"search_term_string"}}],"inLanguage":"en-US"},{"@type":"Organization","@id":"https:\/\/ensina.xyz\/#organization","name":"Ensina XYZ","url":"https:\/\/ensina.xyz\/","logo":{"@type":"ImageObject","inLanguage":"en-US","@id":"https:\/\/ensina.xyz\/#\/schema\/logo\/image\/","url":"https:\/\/ensina.xyz\/wp-content\/uploads\/2025\/02\/LOGOS_LOGOTIPO_COLORIDO.png","contentUrl":"https:\/\/ensina.xyz\/wp-content\/uploads\/2025\/02\/LOGOS_LOGOTIPO_COLORIDO.png","width":2017,"height":442,"caption":"Ensina XYZ"},"image":{"@id":"https:\/\/ensina.xyz\/#\/schema\/logo\/image\/"},"sameAs":["http:\/\/facebook.com\/ensina.xyz","https:\/\/www.instagram.com\/ensina.xyz\/"]}]}},"_links":{"self":[{"href":"https:\/\/ensina.xyz\/en\/wp-json\/wp\/v2\/pages\/23880","targetHints":{"allow":["GET"]}}],"collection":[{"href":"https:\/\/ensina.xyz\/en\/wp-json\/wp\/v2\/pages"}],"about":[{"href":"https:\/\/ensina.xyz\/en\/wp-json\/wp\/v2\/types\/page"}],"author":[{"embeddable":true,"href":"https:\/\/ensina.xyz\/en\/wp-json\/wp\/v2\/users\/1"}],"replies":[{"embeddable":true,"href":"https:\/\/ensina.xyz\/en\/wp-json\/wp\/v2\/comments?post=23880"}],"version-history":[{"count":1,"href":"https:\/\/ensina.xyz\/en\/wp-json\/wp\/v2\/pages\/23880\/revisions"}],"predecessor-version":[{"id":23929,"href":"https:\/\/ensina.xyz\/en\/wp-json\/wp\/v2\/pages\/23880\/revisions\/23929"}],"wp:attachment":[{"href":"https:\/\/ensina.xyz\/en\/wp-json\/wp\/v2\/media?parent=23880"}],"curies":[{"name":"wp","href":"https:\/\/api.w.org\/{rel}","templated":true}]}}